{"id":156085,"date":"2017-05-05T11:55:57","date_gmt":"2017-05-05T11:55:57","guid":{"rendered":"https:\/\/polynova.co\/sobre\/"},"modified":"2025-05-30T22:02:56","modified_gmt":"2025-05-30T22:02:56","slug":"sobre","status":"publish","type":"page","link":"https:\/\/polynova.co\/pt\/sobre\/","title":{"rendered":"Sobre"},"content":{"rendered":"<div class=\"wpb-content-wrapper\"><p>[vc_row row_height_percent=&#8221;50&#8243; override_padding=&#8221;yes&#8221; h_padding=&#8221;0&#8243; top_padding=&#8221;0&#8243; bottom_padding=&#8221;0&#8243; back_color=&#8221;color-wayh&#8221; back_image=&#8221;157168&#8243; back_position=&#8221;center center&#8221; overlay_alpha=&#8221;50&#8243; gutter_size=&#8221;3&#8243; column_width_percent=&#8221;100&#8243; shift_y=&#8221;0&#8243; z_index=&#8221;0&#8243; content_parallax=&#8221;0&#8243; uncode_shortcode_id=&#8221;257132&#8243; back_color_type=&#8221;uncode-palette&#8221;][vc_column column_width_percent=&#8221;100&#8243; gutter_size=&#8221;3&#8243; style=&#8221;dark&#8221; overlay_alpha=&#8221;50&#8243; shift_x=&#8221;0&#8243; shift_y=&#8221;0&#8243; shift_y_down=&#8221;0&#8243; z_index=&#8221;0&#8243; medium_width=&#8221;0&#8243; mobile_width=&#8221;0&#8243; width=&#8221;1\/1&#8243;][\/vc_column][\/vc_row][vc_row row_height_percent=&#8221;0&#8243; override_padding=&#8221;yes&#8221; h_padding=&#8221;2&#8243; top_padding=&#8221;3&#8243; bottom_padding=&#8221;3&#8243; overlay_alpha=&#8221;50&#8243; gutter_size=&#8221;3&#8243; column_width_percent=&#8221;100&#8243; shift_y=&#8221;0&#8243; z_index=&#8221;0&#8243; content_parallax=&#8221;0&#8243; uncode_shortcode_id=&#8221;187824&#8243;][vc_column column_width_percent=&#8221;100&#8243; gutter_size=&#8221;3&#8243; override_padding=&#8221;yes&#8221; column_padding=&#8221;1&#8243; overlay_alpha=&#8221;50&#8243; shift_x=&#8221;0&#8243; shift_y=&#8221;0&#8243; shift_y_down=&#8221;0&#8243; z_index=&#8221;0&#8243; medium_width=&#8221;0&#8243; mobile_width=&#8221;0&#8243; width=&#8221;1\/1&#8243; uncode_shortcode_id=&#8221;103509&#8243;][vc_custom_heading text_size=&#8221;fontsize-445851&#8243; uncode_shortcode_id=&#8221;120088&#8243;]Sobre n\u00f3s[\/vc_custom_heading][vc_custom_heading text_weight=&#8221;400&#8243; css_animation=&#8221;right-t-left&#8221; uncode_shortcode_id=&#8221;269755&#8243;]Somos um est\u00fadio de artistas 3D a operar a partir de Lisboa, Portugal. Trabalhamos de forma remota para todo o mundo.[\/vc_custom_heading][vc_column_text uncode_shortcode_id=&#8221;183813&#8243; css=&#8221;.vc_custom_1743279028820{margin-right: 0px !important;margin-left: 0px !important;}&#8221;]<\/p>\n<p data-start=\"35\" data-end=\"210\">Na Polynova aliamos criatividade \u00e0 tecnologia de forma a produzir renders impressionantes.<br data-start=\"117\" data-end=\"120\">Criamos experi\u00eancias imersivas de alta qualidade que d\u00e3o vida e realismo \u00e0s suas ideias. Se deseja criar uma imagem atractiva e convicente, contar uma hist\u00f3ria ou trazer uma vis\u00e3o para a realidade, trabalhamos consigo em estreita colabora\u00e7\u00e3o para garantir que todos os detalhes ressoam com o seu p\u00fablico.<\/p>\n<p>[\/vc_column_text][\/vc_column][\/vc_row][vc_row row_height_percent=&#8221;0&#8243; override_padding=&#8221;yes&#8221; h_padding=&#8221;1&#8243; top_padding=&#8221;3&#8243; bottom_padding=&#8221;4&#8243; back_color=&#8221;color-lxmt&#8221; overlay_alpha=&#8221;50&#8243; gutter_size=&#8221;3&#8243; column_width_percent=&#8221;100&#8243; shift_y=&#8221;0&#8243; z_index=&#8221;0&#8243; content_parallax=&#8221;0&#8243; uncode_shortcode_id=&#8221;188666&#8243; back_color_type=&#8221;uncode-palette&#8221;][vc_column width=&#8221;1\/3&#8243;][vc_single_image media=&#8221;157775&#8243; media_width_percent=&#8221;100&#8243; media_ratio=&#8221;one-one&#8221; alignment=&#8221;center&#8221; shape=&#8221;img-circle&#8221; advanced=&#8221;yes&#8221; media_overlay_opacity=&#8221;50&#8243; media_padding=&#8221;2&#8243; uncode_shortcode_id=&#8221;665061&#8243;][\/vc_column][vc_column width=&#8221;2\/3&#8243;][vc_column_text uncode_shortcode_id=&#8221;132786&#8243; css=&#8221;.vc_custom_1743279064725{margin-left: 15px !important;}&#8221;]<\/p>\n<h1 data-start=\"879\" data-end=\"1225\">Onde a Arte encontra a Tecnologia<\/h1>\n<p data-start=\"35\" data-end=\"161\">Em 2022, adot\u00e1mos o Unreal Engine como a nossa principal ferramenta, o que nos permite criar renders de excel\u00eancia e com alto n\u00edvel de detalhe.<\/p>\n<p data-start=\"163\" data-end=\"321\">A cada novo projeto aperfei\u00e7oamos as nossas capacidades ajudando arquitectos, designers de interiores e promotores imobili\u00e1rios a visualizarem as suas ideias de forma realista.<\/p>\n<p>[\/vc_column_text][\/vc_column][\/vc_row][vc_row row_height_percent=&#8221;0&#8243; override_padding=&#8221;yes&#8221; h_padding=&#8221;1&#8243; top_padding=&#8221;3&#8243; bottom_padding=&#8221;3&#8243; back_color=&#8221;color-gyho&#8221; overlay_alpha=&#8221;50&#8243; gutter_size=&#8221;3&#8243; column_width_percent=&#8221;100&#8243; shift_y=&#8221;0&#8243; z_index=&#8221;0&#8243; content_parallax=&#8221;0&#8243; uncode_shortcode_id=&#8221;196811&#8243; back_color_type=&#8221;uncode-palette&#8221;][vc_column column_width_percent=&#8221;0&#8243; position_horizontal=&#8221;left&#8221; gutter_size=&#8221;0&#8243; overlay_alpha=&#8221;50&#8243; shift_x=&#8221;0&#8243; shift_y=&#8221;0&#8243; shift_y_down=&#8221;0&#8243; z_index=&#8221;0&#8243; medium_width=&#8221;0&#8243; align_mobile=&#8221;align_center_mobile&#8221; mobile_width=&#8221;0&#8243; width=&#8221;2\/3&#8243; uncode_shortcode_id=&#8221;262496&#8243;][vc_column_text uncode_shortcode_id=&#8221;160086&#8243; css=&#8221;.vc_custom_1743279057551{margin-right: 10px !important;margin-left: 15px !important;}&#8221;]<\/p>\n<h1 style=\"text-align: left;\" data-start=\"879\" data-end=\"1225\">Solu\u00e7\u00f5es avan\u00e7adas de visualiza\u00e7\u00e3o arquitet\u00f3nica.<\/h1>\n<p style=\"text-align: left;\" data-start=\"35\" data-end=\"209\">Transformamos conceitos arquitet\u00f3nicos em experi\u00eancias digitais que sejam atractivas e impressionantes, permitindo que os clientes explorem espa\u00e7os de forma realista antes de serem constru\u00eddos.<\/p>\n<p style=\"text-align: left;\" data-start=\"211\" data-end=\"310\">Juntos vamos dar vida \u00e0 sua vis\u00e3o com solu\u00e7\u00f5es avan\u00e7adas de visualiza\u00e7\u00e3o arquitet\u00f3nica.<\/p>\n<p>[\/vc_column_text][\/vc_column][vc_column width=&#8221;1\/3&#8243;][vc_single_image media=&#8221;157765&#8243; media_width_percent=&#8221;100&#8243; media_ratio=&#8221;one-one&#8221; shape=&#8221;img-circle&#8221; uncode_shortcode_id=&#8221;809967&#8243;][\/vc_column][\/vc_row]<\/p>\n<\/div>","protected":false},"excerpt":{"rendered":"<p>[vc_row row_height_percent=&#8221;50&#8243; override_padding=&#8221;yes&#8221; h_padding=&#8221;0&#8243; top_padding=&#8221;0&#8243; bottom_padding=&#8221;0&#8243; back_color=&#8221;color-wayh&#8221; back_image=&#8221;157168&#8243; back_position=&#8221;center center&#8221; overlay_alpha=&#8221;50&#8243; gutter_size=&#8221;3&#8243; column_width_percent=&#8221;100&#8243; shift_y=&#8221;0&#8243; z_index=&#8221;0&#8243; content_parallax=&#8221;0&#8243; uncode_shortcode_id=&#8221;257132&#8243; back_color_type=&#8221;uncode-palette&#8221;][vc_column column_width_percent=&#8221;100&#8243; gutter_size=&#8221;3&#8243; [&hellip;]<\/p>\n","protected":false},"author":1,"featured_media":0,"parent":0,"menu_order":0,"comment_status":"closed","ping_status":"closed","template":"","meta":{"iawp_total_views":67,"footnotes":""},"class_list":["post-156085","page","type-page","status-publish","hentry"],"_links":{"self":[{"href":"https:\/\/polynova.co\/pt\/wp-json\/wp\/v2\/pages\/156085","targetHints":{"allow":["GET"]}}],"collection":[{"href":"https:\/\/polynova.co\/pt\/wp-json\/wp\/v2\/pages"}],"about":[{"href":"https:\/\/polynova.co\/pt\/wp-json\/wp\/v2\/types\/page"}],"author":[{"embeddable":true,"href":"https:\/\/polynova.co\/pt\/wp-json\/wp\/v2\/users\/1"}],"replies":[{"embeddable":true,"href":"https:\/\/polynova.co\/pt\/wp-json\/wp\/v2\/comments?post=156085"}],"version-history":[{"count":0,"href":"https:\/\/polynova.co\/pt\/wp-json\/wp\/v2\/pages\/156085\/revisions"}],"wp:attachment":[{"href":"https:\/\/polynova.co\/pt\/wp-json\/wp\/v2\/media?parent=156085"}],"curies":[{"name":"wp","href":"https:\/\/api.w.org\/{rel}","templated":true}]}}