{"id":156110,"date":"2025-03-11T16:02:40","date_gmt":"2025-03-11T16:02:40","guid":{"rendered":"https:\/\/polynova.co\/termos-e-condicoes\/"},"modified":"2025-03-11T16:02:40","modified_gmt":"2025-03-11T16:02:40","slug":"termos-e-condicoes","status":"publish","type":"page","link":"https:\/\/polynova.co\/pt\/termos-e-condicoes\/","title":{"rendered":"Termos e Condi\u00e7\u00f5es"},"content":{"rendered":"<p>&nbsp;<br \/>\n&nbsp;<\/p>\n<section id=\"comp-lx8rmkyq\" class=\"comp-lx8rmkyq CohWsy wixui-column-strip\">\n<div class=\"V5AUxf\" data-testid=\"columns\">\n<div id=\"comp-lx8rmkys\" class=\"comp-lx8rmkys YzqVVZ wixui-column-strip__column\">\n<div class=\"VgO9Yg\" data-motion-part=\"BG_MEDIA comp-lx8rmkys\"><\/div>\n<\/div>\n<\/div>\n<\/section>\n<section id=\"comp-lx8rmkyq\" class=\"comp-lx8rmkyq CohWsy wixui-column-strip\">\n<div class=\"V5AUxf\" data-testid=\"columns\">\n<div id=\"comp-lx8rmkys\" class=\"comp-lx8rmkys YzqVVZ wixui-column-strip__column\">\n<div class=\"\" data-mesh-id=\"comp-lx8rmkysinlineContent\" data-testid=\"inline-content\">\n<div data-mesh-id=\"comp-lx8rmkysinlineContent-gridContainer\" data-testid=\"mesh-container-content\">\n<div id=\"comp-lx8rmkyw3\" class=\"HcOXKn c9GqVL QxJLC3 lq2cno YQcXTT comp-lx8rmkyw3 wixui-rich-text\" data-testid=\"richTextElement\">\n<h2 class=\"font_2 wixui-rich-text__text\"><span class=\"wixui-rich-text__text\"><span class=\"color_45 wixui-rich-text__text\">1. Termos<\/span><\/span><\/h2>\n<\/div>\n<div id=\"comp-lx8rmkyy1\" class=\"HcOXKn c9GqVL QxJLC3 lq2cno YQcXTT comp-lx8rmkyy1 wixui-rich-text\" data-testid=\"richTextElement\">\n<p class=\"font_8 wixui-rich-text__text\"><span class=\"wixui-rich-text__text\">Ao acessar ao site Polynova, concorda em cumprir estes termos de servi\u00e7o, todas as leis e regulamentos aplic\u00e1veis \u200b\u200be concorda que \u00e9 respons\u00e1vel pelo cumprimento de todas as leis locais aplic\u00e1veis. Se voc\u00ea n\u00e3o concordar com algum desses termos, est\u00e1 proibido de usar ou acessar este site. Os materiais contidos neste site s\u00e3o protegidos pelas leis de direitos autorais e marcas comerciais aplic\u00e1veis.  <\/span><\/p>\n<\/div>\n<div id=\"comp-lx8rmkyz5\" class=\"HcOXKn c9GqVL QxJLC3 lq2cno YQcXTT comp-lx8rmkyz5 wixui-rich-text\" data-testid=\"richTextElement\">\n<h2 class=\"font_2 wixui-rich-text__text\"><span class=\"wixui-rich-text__text\"><span class=\"color_45 wixui-rich-text__text\">2. Licen\u00e7a de Uso<\/span><\/span><\/h2>\n<\/div>\n<div id=\"comp-lx8rmkz06\" class=\"HcOXKn c9GqVL QxJLC3 lq2cno YQcXTT comp-lx8rmkz06 wixui-rich-text\" data-testid=\"richTextElement\">\n<p class=\"font_8 wixui-rich-text__text\"><span class=\"wixui-rich-text__text\">\u00c9 concedida permiss\u00e3o para descarregar temporariamente uma c\u00f3pia dos materiais (informa\u00e7\u00f5es ou software) no website da Polynova apenas para visualiza\u00e7\u00e3o pessoal, n\u00e3o comercial e transit\u00f3ria. Trata-se da concess\u00e3o de uma licen\u00e7a, n\u00e3o de uma transfer\u00eancia de t\u00edtulo e, ao abrigo desta licen\u00e7a, n\u00e3o pode:  <\/span><\/p>\n<ol class=\"font_8 wixui-rich-text__text\">\n<li class=\"wixui-rich-text__text\">\n<p class=\"font_8 wixui-rich-text__text\"><span class=\"wixui-rich-text__text\">modificar ou copiar os materiais; <\/span><\/p>\n<\/li>\n<li class=\"wixui-rich-text__text\">\n<p class=\"font_8 wixui-rich-text__text\"><span class=\"wixui-rich-text__text\">usar os materiais para qualquer finalidade comercial ou para exibi\u00e7\u00e3o p\u00fablica (comercial ou n\u00e3o comercial); <\/span><\/p>\n<\/li>\n<li class=\"wixui-rich-text__text\">\n<p class=\"font_8 wixui-rich-text__text\"><span class=\"wixui-rich-text__text\">tentar descompilar ou fazer engenharia reversa de qualquer software contido no site Polynova; <\/span><\/p>\n<\/li>\n<li class=\"wixui-rich-text__text\">\n<p class=\"font_8 wixui-rich-text__text\"><span class=\"wixui-rich-text__text\">remover quaisquer direitos autorais ou outras nota\u00e7\u00f5es de propriedade dos materiais <\/span><\/p>\n<\/li>\n<li class=\"wixui-rich-text__text\">\n<p class=\"font_8 wixui-rich-text__text\"><span class=\"wixui-rich-text__text\">transferir os materiais para outra pessoa ou &#8220;espelhar&#8221; os materiais em qualquer outro servidor.<\/span><\/p>\n<\/li>\n<\/ol>\n<p class=\"font_8 wixui-rich-text__text\"><span class=\"wixui-rich-text__text\">Esta licen\u00e7a ser\u00e1 automaticamente rescindida se voc\u00ea violar alguma dessas restri\u00e7\u00f5es e poder\u00e1 ser rescindida por Polynova a qualquer momento. Ao encerrar a visualiza\u00e7\u00e3o desses materiais ou ap\u00f3s o t\u00e9rmino desta licen\u00e7a, voc\u00ea deve apagar todos os materiais baixados na sua posse, seja em formato eletr\u00f3nico ou impresso. <\/span><\/p>\n<\/div>\n<div id=\"comp-lx8rt4df\" class=\"HcOXKn c9GqVL QxJLC3 lq2cno YQcXTT comp-lx8rt4df wixui-rich-text\" data-testid=\"richTextElement\">\n<h2 class=\"font_2 wixui-rich-text__text\"><span class=\"wixui-rich-text__text\"><span class=\"color_45 wixui-rich-text__text\">3. Isen\u00e7\u00e3o de responsabilidade<\/span><\/span><\/h2>\n<\/div>\n<div id=\"comp-lx8rt4dj\" class=\"HcOXKn c9GqVL QxJLC3 lq2cno YQcXTT comp-lx8rt4dj wixui-rich-text\" data-testid=\"richTextElement\">\n<ul class=\"font_8 wixui-rich-text__text\">\n<li class=\"wixui-rich-text__text\">\n<p class=\"font_8 wixui-rich-text__text\"><span class=\"wixui-rich-text__text\">Os materiais no site da Polynova s\u00e3o fornecidos &#8216;como est\u00e3o&#8217;. A Polynova n\u00e3o oferece garantias, expressas ou impl\u00edcitas, e, por este meio, isenta e nega todas as outras garantias, incluindo, sem limita\u00e7\u00e3o, garantias impl\u00edcitas ou condi\u00e7\u00f5es de comercializa\u00e7\u00e3o, adequa\u00e7\u00e3o a um fim espec\u00edfico ou n\u00e3o viola\u00e7\u00e3o de propriedade intelectual, ou outra viola\u00e7\u00e3o de direitos.  <\/span><\/p>\n<\/li>\n<li class=\"wixui-rich-text__text\">\n<p class=\"font_8 wixui-rich-text__text\"><span class=\"wixui-rich-text__text\">Al\u00e9m disso, a Polynova n\u00e3o garante ou faz qualquer representa\u00e7\u00e3o relativa \u00e0 precis\u00e3o, aos resultados prov\u00e1veis \u200b\u200bou \u00e0 confiabilidade do uso dos materiais no seu site, ou de outra forma relacionado a esses materiais, ou em sites vinculados a este site.<\/span><\/p>\n<\/li>\n<\/ul>\n<\/div>\n<\/div>\n<\/div>\n<\/div>\n<\/div>\n<\/section>\n<div id=\"comp-lx8ruewl\" class=\"HcOXKn c9GqVL QxJLC3 lq2cno YQcXTT comp-lx8ruewl wixui-rich-text\" data-testid=\"richTextElement\">\n<h2 class=\"font_2 wixui-rich-text__text\"><span class=\"wixui-rich-text__text\"><span class=\"color_45 wixui-rich-text__text\">4. Limita\u00e7\u00f5es<\/span><\/span><\/h2>\n<\/div>\n<div id=\"comp-lx8ruewp\" class=\"HcOXKn c9GqVL QxJLC3 lq2cno YQcXTT comp-lx8ruewp wixui-rich-text\" data-testid=\"richTextElement\">\n<ul class=\"font_8 wixui-rich-text__text\">\n<li class=\"wixui-rich-text__text\">\n<p class=\"font_8 wixui-rich-text__text\"><span class=\"wixui-rich-text__text\">Em nenhum caso a Polynova ou os seus fornecedores ser\u00e3o respons\u00e1veis \u200b\u200bpor quaisquer danos (incluindo, sem limita\u00e7\u00e3o, danos por perda de dados ou lucro, ou devido \u00e0 interrup\u00e7\u00e3o dos neg\u00f3cios) decorrentes do uso ou da incapacidade de usar os materiais em Polynova, mesmo que Polynova ou um representante autorizado da Polynova tenha sido notificado oralmente, ou por escrito da possibilidade de tais danos. Como algumas jurisdi\u00e7\u00f5es n\u00e3o permitem limita\u00e7\u00f5es em garantias impl\u00edcitas, ou limita\u00e7\u00f5es de responsabilidade por danos consequentes, ou incidentais, estas limita\u00e7\u00f5es podem n\u00e3o se aplicar a si. <\/span><\/p>\n<\/li>\n<\/ul>\n<\/div>\n<div id=\"comp-lx8rvd9r\" class=\"HcOXKn c9GqVL QxJLC3 lq2cno YQcXTT comp-lx8rvd9r wixui-rich-text\" data-testid=\"richTextElement\">\n<h2 class=\"font_2 wixui-rich-text__text\"><span class=\"wixui-rich-text__text\"><span class=\"color_45 wixui-rich-text__text\">5. Precis\u00e3o dos materiais<\/span><\/span><\/h2>\n<\/div>\n<div id=\"comp-lx8rvd9v\" class=\"HcOXKn c9GqVL QxJLC3 lq2cno YQcXTT comp-lx8rvd9v wixui-rich-text\" data-testid=\"richTextElement\">\n<ul class=\"font_8 wixui-rich-text__text\">\n<li class=\"wixui-rich-text__text\">\n<p class=\"font_8 wixui-rich-text__text\"><span class=\"wixui-rich-text__text\">Os materiais que aparecem no site da Polynova podem incluir erros t\u00e9cnicos, tipogr\u00e1ficos ou fotogr\u00e1ficos. A Polynova n\u00e3o garante que nenhum material no seu website seja preciso, completo ou atual. A Polynova pode fazer altera\u00e7\u00f5es aos materiais contidos no seu website a qualquer momento, sem aviso pr\u00e9vio. Entretanto, a Polynova n\u00e3o se compromete a atualizar os materiais.   <\/span><\/p>\n<\/li>\n<\/ul>\n<\/div>\n<div id=\"comp-lx8rwbth\" class=\"HcOXKn c9GqVL QxJLC3 lq2cno YQcXTT comp-lx8rwbth wixui-rich-text\" data-testid=\"richTextElement\">\n<h2 class=\"font_2 wixui-rich-text__text\"><span class=\"wixui-rich-text__text\"><span class=\"color_45 wixui-rich-text__text\">6. Links<\/span><\/span><\/h2>\n<\/div>\n<div id=\"comp-lx8rwbtk\" class=\"HcOXKn c9GqVL QxJLC3 lq2cno YQcXTT comp-lx8rwbtk wixui-rich-text\" data-testid=\"richTextElement\">\n<ul class=\"font_8 wixui-rich-text__text\">\n<li class=\"wixui-rich-text__text\">\n<p class=\"font_8 wixui-rich-text__text\"><span class=\"wixui-rich-text__text\">A Polynova n\u00e3o reviu todos os sites ligados ao seu site e n\u00e3o \u00e9 respons\u00e1vel pelo conte\u00fado de qualquer site ligado. A inclus\u00e3o de qualquer link n\u00e3o implica o endosso do site pela Polynova. A utiliza\u00e7\u00e3o de qualquer site vinculado \u00e9 por conta e risco do utilizador.  <\/span><\/p>\n<\/li>\n<\/ul>\n<\/div>\n<div id=\"comp-lx8rx146\" class=\"HcOXKn c9GqVL QxJLC3 lq2cno YQcXTT comp-lx8rx146 wixui-rich-text\" data-testid=\"richTextElement\">\n<h2 class=\"font_2 wixui-rich-text__text\"><span class=\"wixui-rich-text__text\"><span class=\"color_45 wixui-rich-text__text\">Modifica\u00e7\u00f5es<\/span><\/span><\/h2>\n<\/div>\n<div id=\"comp-lx8rx14a\" class=\"HcOXKn c9GqVL QxJLC3 lq2cno YQcXTT comp-lx8rx14a wixui-rich-text\" data-testid=\"richTextElement\">\n<ul class=\"font_8 wixui-rich-text__text\">\n<li class=\"wixui-rich-text__text\">\n<p class=\"font_8 wixui-rich-text__text\"><span class=\"wixui-rich-text__text\">A Polynova pode rever estes termos de servi\u00e7o para o seu website a qualquer momento, sem aviso pr\u00e9vio. Ao utilizar este site, concorda em ficar vinculado \u00e0 vers\u00e3o atual destes termos de servi\u00e7o. <\/span><\/p>\n<\/li>\n<\/ul>\n<\/div>\n<div id=\"comp-lx8rxrcr\" class=\"HcOXKn c9GqVL QxJLC3 lq2cno YQcXTT comp-lx8rxrcr wixui-rich-text\" data-testid=\"richTextElement\">\n<h2 class=\"font_2 wixui-rich-text__text\"><span class=\"wixui-rich-text__text\"><span class=\"color_45 wixui-rich-text__text\">Lei aplic\u00e1vel<\/span><\/span><\/h2>\n<\/div>\n<div id=\"comp-lx8rxrcv\" class=\"HcOXKn c9GqVL QxJLC3 lq2cno YQcXTT comp-lx8rxrcv wixui-rich-text\" data-testid=\"richTextElement\">\n<ul class=\"font_8 wixui-rich-text__text\">\n<li class=\"wixui-rich-text__text\">\n<p class=\"font_8 wixui-rich-text__text\"><span class=\"wixui-rich-text__text\">Estes termos e condi\u00e7\u00f5es s\u00e3o regidos e interpretados de acordo com as leis da Polynova, e o utilizador submete-se irrevogavelmente \u00e0 jurisdi\u00e7\u00e3o exclusiva dos tribunais nesse estado ou localidade.<\/span><\/p>\n<\/li>\n<\/ul>\n<\/div>\n<p>&nbsp;<\/p>\n<p>&nbsp;<\/p>\n<p>&nbsp;<\/p>\n","protected":false},"excerpt":{"rendered":"<p>&nbsp; &nbsp; 1. Termos Ao acessar ao site Polynova, concorda em cumprir estes termos de servi\u00e7o, todas as leis e [&hellip;]<\/p>\n","protected":false},"author":1,"featured_media":0,"parent":0,"menu_order":0,"comment_status":"closed","ping_status":"closed","template":"","meta":{"iawp_total_views":3,"footnotes":""},"class_list":["post-156110","page","type-page","status-publish","hentry"],"_links":{"self":[{"href":"https:\/\/polynova.co\/pt\/wp-json\/wp\/v2\/pages\/156110","targetHints":{"allow":["GET"]}}],"collection":[{"href":"https:\/\/polynova.co\/pt\/wp-json\/wp\/v2\/pages"}],"about":[{"href":"https:\/\/polynova.co\/pt\/wp-json\/wp\/v2\/types\/page"}],"author":[{"embeddable":true,"href":"https:\/\/polynova.co\/pt\/wp-json\/wp\/v2\/users\/1"}],"replies":[{"embeddable":true,"href":"https:\/\/polynova.co\/pt\/wp-json\/wp\/v2\/comments?post=156110"}],"version-history":[{"count":0,"href":"https:\/\/polynova.co\/pt\/wp-json\/wp\/v2\/pages\/156110\/revisions"}],"wp:attachment":[{"href":"https:\/\/polynova.co\/pt\/wp-json\/wp\/v2\/media?parent=156110"}],"curies":[{"name":"wp","href":"https:\/\/api.w.org\/{rel}","templated":true}]}}