{"id":156114,"date":"2024-11-04T15:44:24","date_gmt":"2024-11-04T15:44:24","guid":{"rendered":"https:\/\/polynova.co\/contact\/"},"modified":"2026-04-27T03:02:45","modified_gmt":"2026-04-27T03:02:45","slug":"contacto","status":"publish","type":"page","link":"https:\/\/polynova.co\/pt\/contacto\/","title":{"rendered":"Contacto"},"content":{"rendered":"<div class=\"wpb-content-wrapper\"><p>[vc_row row_height_percent=&#8221;55&#8243; override_padding=&#8221;yes&#8221; h_padding=&#8221;2&#8243; top_padding=&#8221;2&#8243; bottom_padding=&#8221;2&#8243; back_color=&#8221;color-482803&#8243; back_image=&#8221;154682&#8243; back_attachment=&#8221;fixed&#8221; back_position=&#8221;center center&#8221; parallax=&#8221;yes&#8221; overlay_alpha=&#8221;75&#8243; overlay_color_blend=&#8221;multiply&#8221; overlay_animated=&#8221;yes&#8221; overlay_animated_size=&#8221;0.7&#8243; gutter_size=&#8221;3&#8243; column_width_percent=&#8221;100&#8243; border_color=&#8221;color-gyho&#8221; shift_y=&#8221;0&#8243; z_index=&#8221;0&#8243; bottom_divider=&#8221;gradient&#8221; css_animation=&#8221;scroll-trigger&#8221; animation_state=&#8221;end&#8221; animation_scale_val=&#8221;100&#8243; animation_opacity=&#8221;0&#8243; animation_x=&#8221;0&#8243; animation_y=&#8221;0&#8243; animation_blur=&#8221;0&#8243; animation_rotate=&#8221;0&#8243; animation_perspective=&#8221;0&#8243; animation_offset_top=&#8221;0&#8243; animation_offset_bottom=&#8221;85&#8243; content_parallax=&#8221;3&#8243; uncode_shortcode_id=&#8221;126464&#8243; back_color_type=&#8221;uncode-palette&#8221; overlay_color_type=&#8221;uncode-solid&#8221; overlay_color_solid=&#8221;#6442ff&#8221; overlay_animated_1_color_type=&#8221;uncode-solid&#8221; overlay_animated_1_color_solid=&#8221;#a561d8&#8243; overlay_animated_2_color_type=&#8221;uncode-solid&#8221; overlay_animated_2_color_solid=&#8221;#e5ddff&#8221; border_color_type=&#8221;uncode-palette&#8221;][vc_column column_width_percent=&#8221;100&#8243; position_vertical=&#8221;bottom&#8221; gutter_size=&#8221;4&#8243; style=&#8221;dark&#8221; overlay_alpha=&#8221;50&#8243; shift_x=&#8221;0&#8243; shift_y=&#8221;0&#8243; shift_y_down=&#8221;0&#8243; z_index=&#8221;0&#8243; medium_width=&#8221;0&#8243; mobile_width=&#8221;0&#8243; width=&#8221;1\/1&#8243; uncode_shortcode_id=&#8221;138994&#8243;][vc_row_inner row_inner_height_percent=&#8221;50&#8243; overlay_alpha=&#8221;50&#8243; gutter_size=&#8221;3&#8243; shift_y=&#8221;0&#8243; z_index=&#8221;0&#8243; limit_content=&#8221;&#8221; uncode_shortcode_id=&#8221;145364&#8243;][vc_column_inner column_width_percent=&#8221;100&#8243; position_horizontal=&#8221;left&#8221; gutter_size=&#8221;3&#8243; style=&#8221;dark&#8221; overlay_alpha=&#8221;50&#8243; shift_x=&#8221;0&#8243; shift_y=&#8221;0&#8243; shift_y_down=&#8221;0&#8243; z_index=&#8221;0&#8243; medium_width=&#8221;0&#8243; mobile_width=&#8221;0&#8243; width=&#8221;1\/1&#8243; uncode_shortcode_id=&#8221;311432&#8243;][vc_custom_heading text_font=&#8221;font-161747&#8243; text_size=&#8221;custom&#8221; text_weight=&#8221;300&#8243; text_space=&#8221;fontspace-111509&#8243; uncode_shortcode_id=&#8221;164525&#8243; heading_custom_size=&#8221;clamp(30px,7vw,125px)&#8221;]Damos vida \u00e0 sua vis\u00e3o[\/vc_custom_heading][\/vc_column_inner][\/vc_row_inner][\/vc_column][\/vc_row][vc_row row_height_percent=&#8221;0&#8243; override_padding=&#8221;yes&#8221; h_padding=&#8221;2&#8243; top_padding=&#8221;3&#8243; bottom_padding=&#8221;5&#8243; overlay_alpha=&#8221;50&#8243; gutter_size=&#8221;5&#8243; column_width_percent=&#8221;100&#8243; shift_y=&#8221;0&#8243; z_index=&#8221;0&#8243; content_parallax=&#8221;0&#8243; uncode_shortcode_id=&#8221;192619&#8243;][vc_column column_width_percent=&#8221;100&#8243; gutter_size=&#8221;4&#8243; overlay_alpha=&#8221;50&#8243; shift_x=&#8221;0&#8243; shift_y=&#8221;0&#8243; shift_y_down=&#8221;0&#8243; z_index=&#8221;0&#8243; medium_width=&#8221;0&#8243; mobile_width=&#8221;0&#8243; width=&#8221;1\/2&#8243; uncode_shortcode_id=&#8221;133233&#8243;][vc_custom_heading text_size=&#8221;fontsize-155944&#8243; css_animation=&#8221;left-t-right&#8221; uncode_shortcode_id=&#8221;100805&#8243;]Contacto[\/vc_custom_heading]\n<div class=\"wpcf7 no-js\" id=\"wpcf7-f166358-o1\" lang=\"en-US\" dir=\"ltr\" data-wpcf7-id=\"166358\">\n<div class=\"screen-reader-response\"><p role=\"status\" aria-live=\"polite\" aria-atomic=\"true\"><\/p> <ul><\/ul><\/div>\n<form action=\"\/pt\/wp-json\/wp\/v2\/pages\/156114#wpcf7-f166358-o1\" method=\"post\" class=\"wpcf7-form init\" aria-label=\"Contact form\" novalidate=\"novalidate\" data-status=\"init\">\n<fieldset class=\"hidden-fields-container\"><input type=\"hidden\" name=\"_wpcf7\" value=\"166358\" \/><input type=\"hidden\" name=\"_wpcf7_version\" value=\"6.1.5\" \/><input type=\"hidden\" name=\"_wpcf7_locale\" value=\"en_US\" \/><input type=\"hidden\" name=\"_wpcf7_unit_tag\" value=\"wpcf7-f166358-o1\" \/><input type=\"hidden\" name=\"_wpcf7_container_post\" value=\"0\" \/><input type=\"hidden\" name=\"_wpcf7_posted_data_hash\" value=\"\" \/>\n<\/fieldset>\n<div class=\"uacf7-form-wrapper-container uacf7-form-166358  \"><p>Name (required)<br \/>\n     <span class=\"wpcf7-form-control-wrap\" data-name=\"your-firstname\"><input size=\"40\" maxlength=\"400\" class=\"wpcf7-form-control wpcf7-text wpcf7-validates-as-required form-fluid\" aria-required=\"true\" aria-invalid=\"false\" value=\"\" type=\"text\" name=\"your-firstname\" \/><\/span> <\/p>\n\n<p>Email (required)<br \/>\n    <span class=\"wpcf7-form-control-wrap\" data-name=\"your-email\"><input size=\"40\" maxlength=\"400\" class=\"wpcf7-form-control wpcf7-email wpcf7-validates-as-required wpcf7-text wpcf7-validates-as-email form-fluid\" aria-required=\"true\" aria-invalid=\"false\" value=\"\" type=\"email\" name=\"your-email\" \/><\/span> <\/p>\n\n<p>Message<br \/>\n    <span class=\"wpcf7-form-control-wrap\" data-name=\"your-message\"><textarea cols=\"40\" rows=\"8\" maxlength=\"2000\" class=\"wpcf7-form-control wpcf7-textarea\" aria-invalid=\"false\" name=\"your-message\"><\/textarea><\/span> <\/p>\n\n<input class=\"wpcf7-form-control wpcf7-submit has-spinner btn btn-accent\" type=\"submit\" value=\"Click the button\" \/><\/div><input type=\"hidden\" id=\"ct_checkjs_cf7_13f320e7b5ead1024ac95c3b208610db\" name=\"ct_checkjs_cf7\" value=\"0\" \/><script >setTimeout(function(){var ct_input_name = \"ct_checkjs_cf7_13f320e7b5ead1024ac95c3b208610db\";if (document.getElementById(ct_input_name) !== null) {var ct_input_value = document.getElementById(ct_input_name).value;document.getElementById(ct_input_name).value = document.getElementById(ct_input_name).value.replace(ct_input_value, '7c48cd199337a84f4f8e71992b71811641741c9c617830530aeeb4010f7f8869');}}, 1000);<\/script><input\n                    class=\"apbct_special_field apbct_email_id__wp_contact_form_7\"\n                    name=\"apbct__email_id__wp_contact_form_7\"\n                    aria-label=\"apbct__label_id__wp_contact_form_7\"\n                    type=\"text\" size=\"30\" maxlength=\"200\" autocomplete=\"off\"\n                    value=\"\"\n                \/><div class=\"wpcf7-response-output\" aria-hidden=\"true\"><\/div>\n<\/form>\n<\/div>\n[\/vc_column][vc_column column_width_percent=&#8221;100&#8243; gutter_size=&#8221;3&#8243; overlay_alpha=&#8221;50&#8243; shift_x=&#8221;0&#8243; shift_y=&#8221;0&#8243; shift_y_down=&#8221;0&#8243; z_index=&#8221;0&#8243; medium_width=&#8221;0&#8243; mobile_width=&#8221;0&#8243; width=&#8221;1\/2&#8243; uncode_shortcode_id=&#8221;126691&#8243;][vc_empty_space empty_h=&#8221;4&#8243;][vc_column_text uncode_shortcode_id=&#8221;558400&#8243;]<\/p>\n<h2>Precisa de um or\u00e7amento ou de mais informa\u00e7\u00e3o?<\/h2>\n<p>[\/vc_column_text][vc_column_text uncode_shortcode_id=&#8221;208993&#8243;]Estamos sediados em Portugal,<br \/>\nmas trabalhamos com clientes em todo o mundo.<\/p>\n<p><strong>Telefone:<\/strong> (+351) 92 829 70 75<\/p>\n<p><strong>Email:<\/strong> <span \n                data-original-string='QM7ZpeWWqSlhf4yXEMmAkw==0c7BI4xV+bvgHzxQXy0UiuYFdAqnXbBz86JkYpsGIVi74s='\n                class='apbct-email-encoder'\n                title='This contact has been encoded by Anti-Spam by CleanTalk. Click to decode. To finish the decoding make sure that JavaScript is enabled in your browser.'>ma<span class=\"apbct-blur\">**<\/span>@<span class=\"apbct-blur\">******<\/span>va.co<\/span>[\/vc_column_text][vc_single_image media=&#8221;156133&#8243; media_width_percent=&#8221;100&#8243; uncode_shortcode_id=&#8221;162905&#8243;][\/vc_column][\/vc_row]<\/p>\n<\/div>","protected":false},"excerpt":{"rendered":"<p>[vc_row row_height_percent=&#8221;55&#8243; override_padding=&#8221;yes&#8221; h_padding=&#8221;2&#8243; top_padding=&#8221;2&#8243; bottom_padding=&#8221;2&#8243; back_color=&#8221;color-482803&#8243; back_image=&#8221;154682&#8243; back_attachment=&#8221;fixed&#8221; back_position=&#8221;center center&#8221; parallax=&#8221;yes&#8221; overlay_alpha=&#8221;75&#8243; overlay_color_blend=&#8221;multiply&#8221; overlay_animated=&#8221;yes&#8221; overlay_animated_size=&#8221;0.7&#8243; gutter_size=&#8221;3&#8243; column_width_percent=&#8221;100&#8243; border_color=&#8221;color-gyho&#8221; shift_y=&#8221;0&#8243; [&hellip;]<\/p>\n","protected":false},"author":1,"featured_media":0,"parent":0,"menu_order":0,"comment_status":"closed","ping_status":"closed","template":"","meta":{"iawp_total_views":27,"footnotes":""},"class_list":["post-156114","page","type-page","status-publish","hentry"],"_links":{"self":[{"href":"https:\/\/polynova.co\/pt\/wp-json\/wp\/v2\/pages\/156114","targetHints":{"allow":["GET"]}}],"collection":[{"href":"https:\/\/polynova.co\/pt\/wp-json\/wp\/v2\/pages"}],"about":[{"href":"https:\/\/polynova.co\/pt\/wp-json\/wp\/v2\/types\/page"}],"author":[{"embeddable":true,"href":"https:\/\/polynova.co\/pt\/wp-json\/wp\/v2\/users\/1"}],"replies":[{"embeddable":true,"href":"https:\/\/polynova.co\/pt\/wp-json\/wp\/v2\/comments?post=156114"}],"version-history":[{"count":1,"href":"https:\/\/polynova.co\/pt\/wp-json\/wp\/v2\/pages\/156114\/revisions"}],"predecessor-version":[{"id":166767,"href":"https:\/\/polynova.co\/pt\/wp-json\/wp\/v2\/pages\/156114\/revisions\/166767"}],"wp:attachment":[{"href":"https:\/\/polynova.co\/pt\/wp-json\/wp\/v2\/media?parent=156114"}],"curies":[{"name":"wp","href":"https:\/\/api.w.org\/{rel}","templated":true}]}}