{"id":166715,"date":"2026-04-26T23:28:04","date_gmt":"2026-04-26T23:28:04","guid":{"rendered":"https:\/\/polynova.co\/servicos-2\/"},"modified":"2026-04-27T13:25:19","modified_gmt":"2026-04-27T13:25:19","slug":"servicos","status":"publish","type":"page","link":"https:\/\/polynova.co\/pt\/servicos\/","title":{"rendered":"Servi\u00e7os"},"content":{"rendered":"<div class=\"wpb-content-wrapper\"><p>[vc_row row_height_percent=&#8221;0&#8243; override_padding=&#8221;yes&#8221; h_padding=&#8221;2&#8243; top_padding=&#8221;3&#8243; bottom_padding=&#8221;3&#8243; back_color=&#8221;color-xsdn&#8221; overlay_alpha=&#8221;50&#8243; gutter_size=&#8221;3&#8243; column_width_percent=&#8221;100&#8243; shift_y=&#8221;0&#8243; z_index=&#8221;0&#8243; top_divider=&#8221;gradient&#8221; enable_bottom_divider=&#8221;default&#8221; bottom_divider=&#8221;gradient&#8221; shape_bottom_h_use_pixel=&#8221;true&#8221; shape_bottom_height_percent=&#8221;50&#8243; shape_bottom_opacity=&#8221;100&#8243; shape_bottom_index=&#8221;0&#8243; content_parallax=&#8221;0&#8243; uncode_shortcode_id=&#8221;925717&#8243; back_color_type=&#8221;uncode-palette&#8221;][vc_column column_width_percent=&#8221;100&#8243; position_vertical=&#8221;bottom&#8221; align_horizontal=&#8221;align_center&#8221; gutter_size=&#8221;4&#8243; overlay_alpha=&#8221;50&#8243; shift_x=&#8221;0&#8243; shift_y=&#8221;0&#8243; shift_y_down=&#8221;0&#8243; z_index=&#8221;0&#8243; medium_width=&#8221;0&#8243; mobile_width=&#8221;0&#8243; css_animation=&#8221;alpha-anim&#8221; animation_speed=&#8221;1000&#8243; width=&#8221;1\/1&#8243; uncode_shortcode_id=&#8221;124036&#8243;][vc_row_inner limit_content=&#8221;&#8221;][vc_column_inner column_width_use_pixel=&#8221;yes&#8221; align_horizontal=&#8221;align_center&#8221; gutter_size=&#8221;3&#8243; overlay_alpha=&#8221;50&#8243; shift_x=&#8221;0&#8243; shift_y=&#8221;0&#8243; shift_y_down=&#8221;0&#8243; z_index=&#8221;0&#8243; medium_width=&#8221;0&#8243; mobile_width=&#8221;0&#8243; width=&#8221;1\/1&#8243; uncode_shortcode_id=&#8221;185461&#8243; column_width_pixel=&#8221;960&#8243;][vc_custom_heading text_color=&#8221;color-xsdn&#8221; heading_semantic=&#8221;h6&#8243; text_size=&#8221;fontsize-160000&#8243; text_transform=&#8221;uppercase&#8221; badge_style=&#8221;yes&#8221; back_color=&#8221;accent&#8221; radius=&#8221;sm&#8221; uncode_shortcode_id=&#8221;196929&#8243; back_color_type=&#8221;uncode-palette&#8221; text_color_type=&#8221;uncode-palette&#8221;]Servi\u00e7os[\/vc_custom_heading][vc_custom_heading text_size=&#8221;custom&#8221; inline_media=&#8221;yes&#8221; medias=&#8221;157524&#8243; media_height=&#8221;100&#8243; uncode_shortcode_id=&#8221;150824&#8243; heading_custom_size=&#8221;clamp(35px,6vw,30px)&#8221;]Servi\u00e7os de renderiza\u00e7\u00e3o 3D para arquitetura e mercado imobili\u00e1rio.[\/vc_custom_heading][vc_custom_heading heading_semantic=&#8221;h4&#8243; text_size=&#8221;h4&#8243; text_weight=&#8221;200&#8243; text_height=&#8221;fontheight-357766&#8243; css_animation=&#8221;curtain&#8221; animation_speed=&#8221;1000&#8243; animation_delay=&#8221;400&#8243; uncode_shortcode_id=&#8221;529902&#8243;]Obtenha solu\u00e7\u00f5es 3D personalizadas para as suas necessidades. Entre em contacto connosco e solicite o seu or\u00e7amento agora mesmo![\/vc_custom_heading][vc_separator sep_color=&#8221;accent&#8221; uncode_shortcode_id=&#8221;127834&#8243; el_height=&#8221;20&#8243; sep_color_type=&#8221;uncode-palette&#8221;][\/vc_column_inner][\/vc_row_inner][\/vc_column][\/vc_row][vc_row unlock_row_content=&#8221;yes&#8221; row_height_percent=&#8221;0&#8243; override_padding=&#8221;yes&#8221; h_padding=&#8221;2&#8243; top_padding=&#8221;1&#8243; bottom_padding=&#8221;3&#8243; overlay_alpha=&#8221;50&#8243; gutter_size=&#8221;4&#8243; column_width_use_pixel=&#8221;yes&#8221; shift_y=&#8221;0&#8243; z_index=&#8221;0&#8243; inverted_device_order=&#8221;yes&#8221; content_parallax=&#8221;0&#8243; column_width_pixel=&#8221;1600&#8243; uncode_shortcode_id=&#8221;189445&#8243;][vc_column width=&#8221;1\/2&#8243;][vc_single_image media=&#8221;166710&#8243; media_width_percent=&#8221;100&#8243; media_ratio=&#8221;four-three&#8221; uncode_shortcode_id=&#8221;221826&#8243;][vc_column_text uncode_shortcode_id=&#8221;338048&#8243;]<\/p>\n<h2 style=\"text-align: center;\">Visitas imersivas e interativas em 3D<\/h2>\n<p>[\/vc_column_text][\/vc_column][vc_column column_width_percent=&#8221;100&#8243; position_vertical=&#8221;middle&#8221; gutter_size=&#8221;3&#8243; overlay_alpha=&#8221;50&#8243; shift_x=&#8221;0&#8243; shift_y=&#8221;0&#8243; shift_y_down=&#8221;0&#8243; z_index=&#8221;0&#8243; medium_width=&#8221;0&#8243; mobile_width=&#8221;0&#8243; width=&#8221;1\/2&#8243;][vc_single_image media=&#8221;166711&#8243; media_width_percent=&#8221;100&#8243; uncode_shortcode_id=&#8221;309852&#8243;][vc_column_text uncode_shortcode_id=&#8221;318498&#8243;]<\/p>\n<h2 style=\"text-align: center;\">Anima\u00e7\u00e3o 3D<\/h2>\n<p>[\/vc_column_text][\/vc_column][\/vc_row][vc_row unlock_row_content=&#8221;yes&#8221; row_height_percent=&#8221;0&#8243; override_padding=&#8221;yes&#8221; h_padding=&#8221;2&#8243; top_padding=&#8221;1&#8243; bottom_padding=&#8221;4&#8243; overlay_alpha=&#8221;50&#8243; gutter_size=&#8221;4&#8243; column_width_use_pixel=&#8221;yes&#8221; shift_y=&#8221;0&#8243; z_index=&#8221;0&#8243; inverted_device_order=&#8221;yes&#8221; content_parallax=&#8221;0&#8243; column_width_pixel=&#8221;1600&#8243; uncode_shortcode_id=&#8221;200230&#8243;][vc_column width=&#8221;1\/2&#8243;][vc_single_image media=&#8221;157167&#8243; media_width_percent=&#8221;100&#8243; uncode_shortcode_id=&#8221;930582&#8243;][vc_column_text uncode_shortcode_id=&#8221;891534&#8243;]<\/p>\n<h2 style=\"text-align: center;\">Renderiza\u00e7\u00e3o 3D de Exteriores<\/h2>\n<p>[\/vc_column_text][\/vc_column][vc_column column_width_percent=&#8221;100&#8243; position_vertical=&#8221;middle&#8221; gutter_size=&#8221;3&#8243; overlay_alpha=&#8221;50&#8243; shift_x=&#8221;0&#8243; shift_y=&#8221;0&#8243; shift_y_down=&#8221;0&#8243; z_index=&#8221;0&#8243; medium_width=&#8221;0&#8243; mobile_width=&#8221;0&#8243; width=&#8221;1\/2&#8243;][vc_single_image media=&#8221;166538&#8243; media_width_percent=&#8221;100&#8243; uncode_shortcode_id=&#8221;868667&#8243;][vc_column_text uncode_shortcode_id=&#8221;798270&#8243;]<\/p>\n<h2 style=\"text-align: center;\">Renderiza\u00e7\u00e3o 3D de Interiores<\/h2>\n<p>[\/vc_column_text][\/vc_column][\/vc_row][vc_row unlock_row_content=&#8221;yes&#8221; row_height_percent=&#8221;0&#8243; override_padding=&#8221;yes&#8221; h_padding=&#8221;2&#8243; top_padding=&#8221;1&#8243; bottom_padding=&#8221;4&#8243; overlay_alpha=&#8221;50&#8243; gutter_size=&#8221;4&#8243; column_width_use_pixel=&#8221;yes&#8221; shift_y=&#8221;0&#8243; z_index=&#8221;0&#8243; inverted_device_order=&#8221;yes&#8221; content_parallax=&#8221;0&#8243; column_width_pixel=&#8221;1600&#8243; uncode_shortcode_id=&#8221;119885&#8243;][vc_column width=&#8221;1\/2&#8243;][vc_single_image media=&#8221;166712&#8243; media_width_percent=&#8221;100&#8243; uncode_shortcode_id=&#8221;993118&#8243;][vc_column_text uncode_shortcode_id=&#8221;134661&#8243;]<\/p>\n<h2 style=\"text-align: center;\">Planta Humanizada<\/h2>\n<p>[\/vc_column_text][\/vc_column][vc_column column_width_percent=&#8221;100&#8243; position_vertical=&#8221;middle&#8221; gutter_size=&#8221;3&#8243; overlay_alpha=&#8221;50&#8243; shift_x=&#8221;0&#8243; shift_y=&#8221;0&#8243; shift_y_down=&#8221;0&#8243; z_index=&#8221;0&#8243; medium_width=&#8221;0&#8243; mobile_width=&#8221;0&#8243; width=&#8221;1\/2&#8243;][vc_single_image media=&#8221;166713&#8243; media_width_percent=&#8221;100&#8243; uncode_shortcode_id=&#8221;401159&#8243;][vc_column_text uncode_shortcode_id=&#8221;110712&#8243;]<\/p>\n<h2 style=\"text-align: center;\">Visita 360\u00ba<\/h2>\n<p>[\/vc_column_text][\/vc_column][\/vc_row][vc_row unlock_row_content=&#8221;yes&#8221; row_height_percent=&#8221;0&#8243; override_padding=&#8221;yes&#8221; h_padding=&#8221;2&#8243; top_padding=&#8221;1&#8243; bottom_padding=&#8221;6&#8243; overlay_alpha=&#8221;50&#8243; gutter_size=&#8221;4&#8243; column_width_use_pixel=&#8221;yes&#8221; shift_y=&#8221;0&#8243; z_index=&#8221;0&#8243; inverted_device_order=&#8221;yes&#8221; content_parallax=&#8221;0&#8243; column_width_pixel=&#8221;1600&#8243; uncode_shortcode_id=&#8221;212499&#8243;][vc_column width=&#8221;1\/2&#8243;][vc_single_image media=&#8221;166714&#8243; media_width_percent=&#8221;100&#8243; uncode_shortcode_id=&#8221;212361&#8243;][vc_column_text uncode_shortcode_id=&#8221;446364&#8243;]<\/p>\n<h2 style=\"text-align: center;\">Imagens A\u00e9reas com Inser\u00e7\u00e3o de 3D<\/h2>\n<p>[\/vc_column_text][\/vc_column][vc_column column_width_percent=&#8221;100&#8243; position_vertical=&#8221;middle&#8221; gutter_size=&#8221;3&#8243; overlay_alpha=&#8221;50&#8243; shift_x=&#8221;0&#8243; shift_y=&#8221;0&#8243; shift_y_down=&#8221;0&#8243; z_index=&#8221;0&#8243; medium_width=&#8221;0&#8243; mobile_width=&#8221;0&#8243; width=&#8221;1\/2&#8243;][vc_single_image media=&#8221;156802&#8243; media_width_percent=&#8221;100&#8243; uncode_shortcode_id=&#8221;190646&#8243;][vc_column_text uncode_shortcode_id=&#8221;136410&#8243;]<\/p>\n<h2 style=\"text-align: center;\">Arquitectura para Jogos<\/h2>\n<p>[\/vc_column_text][\/vc_column][\/vc_row]<\/p>\n<\/div>","protected":false},"excerpt":{"rendered":"<p>[vc_row row_height_percent=&#8221;0&#8243; override_padding=&#8221;yes&#8221; h_padding=&#8221;2&#8243; top_padding=&#8221;3&#8243; bottom_padding=&#8221;3&#8243; back_color=&#8221;color-xsdn&#8221; overlay_alpha=&#8221;50&#8243; gutter_size=&#8221;3&#8243; column_width_percent=&#8221;100&#8243; shift_y=&#8221;0&#8243; z_index=&#8221;0&#8243; top_divider=&#8221;gradient&#8221; enable_bottom_divider=&#8221;default&#8221; bottom_divider=&#8221;gradient&#8221; shape_bottom_h_use_pixel=&#8221;true&#8221; shape_bottom_height_percent=&#8221;50&#8243; shape_bottom_opacity=&#8221;100&#8243; shape_bottom_index=&#8221;0&#8243; content_parallax=&#8221;0&#8243; [&hellip;]<\/p>\n","protected":false},"author":7,"featured_media":0,"parent":0,"menu_order":0,"comment_status":"closed","ping_status":"closed","template":"","meta":{"iawp_total_views":5,"footnotes":""},"class_list":["post-166715","page","type-page","status-publish","hentry"],"_links":{"self":[{"href":"https:\/\/polynova.co\/pt\/wp-json\/wp\/v2\/pages\/166715","targetHints":{"allow":["GET"]}}],"collection":[{"href":"https:\/\/polynova.co\/pt\/wp-json\/wp\/v2\/pages"}],"about":[{"href":"https:\/\/polynova.co\/pt\/wp-json\/wp\/v2\/types\/page"}],"author":[{"embeddable":true,"href":"https:\/\/polynova.co\/pt\/wp-json\/wp\/v2\/users\/7"}],"replies":[{"embeddable":true,"href":"https:\/\/polynova.co\/pt\/wp-json\/wp\/v2\/comments?post=166715"}],"version-history":[{"count":6,"href":"https:\/\/polynova.co\/pt\/wp-json\/wp\/v2\/pages\/166715\/revisions"}],"predecessor-version":[{"id":166775,"href":"https:\/\/polynova.co\/pt\/wp-json\/wp\/v2\/pages\/166715\/revisions\/166775"}],"wp:attachment":[{"href":"https:\/\/polynova.co\/pt\/wp-json\/wp\/v2\/media?parent=166715"}],"curies":[{"name":"wp","href":"https:\/\/api.w.org\/{rel}","templated":true}]}}